{"id":2919,"date":"2024-10-25T04:21:38","date_gmt":"2024-10-24T22:51:38","guid":{"rendered":"https:\/\/ancientcitybangkok.com\/?post_type=product&#038;p=2919"},"modified":"2025-06-14T22:44:12","modified_gmt":"2025-06-14T17:14:12","slug":"dolphins-bay-phuket-vip-seat-ticket-thai-residents","status":"publish","type":"product","link":"https:\/\/ancientcitybangkok.com\/vi\/ve\/dolphins-bay-phuket-vip-seat-ticket-thai-residents\/","title":{"rendered":"Dolphins Bay Phuket \u2013 V\u00e9 gh\u1ebf VIP (D\u00e0nh cho c\u00f4ng d\u00e2n Th\u00e1i Lan)"},"content":{"rendered":"<h2>About Dolphins Bay Phuket &#8211; VIP Seat Ticket (Thai Residents)<\/h2>\n<p><a href=\"https:\/\/ancientcitybangkok.com\/vi\">V\u1ecbnh C\u00e1 Heo Phuket<\/a> offers an exhilarating experience for dolphin lovers, where VIP seat ticket holders (Thai Residents) can enjoy premium seating in Row B. This magical experience provides up-close interactions with dolphins and seals through exciting shows and activities that cater to all age groups, making it a perfect outing for families.<\/p>\n<h3>Hi\u1ec3n th\u1ecb th\u1eddi gian<\/h3>\n<p>Dolphins Bay Phuket operates daily except Monday with three showtime options:<\/p>\n<ul>\n<li><strong>11:00 AM Show<\/strong> (Gate opens at 10:45 AM)<\/li>\n<li><strong>2:00 PM Show<\/strong> (Gate opens at 1:45 PM)<\/li>\n<li><strong>5:00 PM Show<\/strong> (Gate opens at 4:45 PM)<\/li>\n<\/ul>\n<h3>Ch\u00ednh s\u00e1ch tr\u1ebb em<\/h3>\n<ul>\n<li>Tr\u1ebb em d\u01b0\u1edbi <strong>90cm<\/strong> in height can enter free of charge but no seat will be provided.<\/li>\n<li>Tr\u1ebb em gi\u1eefa <strong>90 cm &#8211; 130 cm<\/strong> are considered to be charged as a child.<\/li>\n<li>Swimming with dolphins is permitted for adults and children from <strong>6 years up<\/strong>, but children between <strong>4-5 years<\/strong> must be accompanied by a parent with an extra charge.<\/li>\n<\/ul>\n<h3>Nh\u1eefng g\u00ec bao g\u1ed3m<\/h3>\n<ul>\n<li><strong>VIP seating<\/strong> in Row B for a clear view of the shows.<\/li>\n<li>Truy c\u1eadp v\u00e0o <strong>ch\u01b0\u01a1ng tr\u00ecnh bi\u1ec3u di\u1ec5n h\u1ea3i c\u1ea9u<\/strong> v\u00e0 <strong>ch\u01b0\u01a1ng tr\u00ecnh bi\u1ec3u di\u1ec5n c\u00e1 heo<\/strong>.<\/li>\n<li>Opportunity to take <strong>photos with dolphins<\/strong>.<\/li>\n<li>Enjoy watching <strong>swimming and interaction sessions<\/strong> after the show.<\/li>\n<\/ul>\n<h3>\u0110i\u1ec3m n\u1ed5i b\u1eadt<\/h3>\n<ul>\n<li>Exclusive <strong>VIP seating<\/strong> in Row B.<\/li>\n<li>Watch the <strong>ch\u01b0\u01a1ng tr\u00ecnh bi\u1ec3u di\u1ec5n h\u1ea3i c\u1ea9u<\/strong> V\u00e0 <strong>dolphin performances<\/strong>.<\/li>\n<li>Experience a magical dolphin encounter with options for <strong>photos and swimming<\/strong>.<\/li>\n<li>Fun activities for families, with children-friendly policies.<\/li>\n<\/ul>\n<h3>Bao g\u1ed3m<\/h3>\n<ul>\n<li>Entry to Dolphins Bay Phuket and access to <strong>VIP seating<\/strong>.<\/li>\n<li>Access to all performances (seal and dolphin shows).<\/li>\n<li>Access to dolphin interaction and photo opportunities.<\/li>\n<\/ul>\n<h3>Lo\u1ea1i tr\u1eeb<\/h3>\n<ul>\n<li>Food and beverages are not included.<\/li>\n<li>Transportation to and from Dolphins Bay Phuket is not included.<\/li>\n<li><strong>B\u01a1i c\u00f9ng c\u00e1 heo<\/strong> is an additional charge.<\/li>\n<\/ul>\n<h3>Ch\u00ednh s\u00e1ch ho\u00e0n ti\u1ec1n v\u00e0 h\u1ee7y b\u1ecf<\/h3>\n<ul>\n<li>No refunds are provided for cancellations made less than <strong>1 day prior<\/strong> to the show date.<\/li>\n<li>In case of emergencies, exceptions may be considered at the discretion of Dolphins Bay Phuket.<\/li>\n<\/ul>\n<h3>C\u00f2n g\u00ec n\u1eefa?<\/h3>\n<p>For those looking to upgrade their experience, you can opt for swimming with dolphins and additional photo packages. VIP seating ensures you are in the heart of the action, making the show an unforgettable memory.<\/p>\n<h3>M\u1eb9o n\u1ed9i b\u1ed9<\/h3>\n<ul>\n<li>Arrive <strong>15 minutes early<\/strong> to ensure a smooth entry process.<\/li>\n<li>Be ready with your camera to capture the dolphin and seal moments.<\/li>\n<li>For swimming, bring appropriate swimwear and towels.<\/li>\n<\/ul>\n<h3>N\u00ean v\u00e0 kh\u00f4ng n\u00ean<\/h3>\n<p><strong>N\u00ean l\u00e0m:<\/strong><\/p>\n<ul>\n<li>Follow staff instructions during dolphin interactions.<\/li>\n<li>Keep children away from the pool&#8217;s edge for their safety.<\/li>\n<li>Enjoy the performances and respect the animals.<\/li>\n<\/ul>\n<p><strong>Kh\u00f4ng n\u00ean:<\/strong><\/p>\n<ul>\n<li>Avoid bringing outside food and drinks.<\/li>\n<li>No smoking or glass containers are allowed in the facility.<\/li>\n<li>Do not touch or disturb the dolphins unless instructed.<\/li>\n<\/ul>\n<h3>Bi\u1ebft tr\u01b0\u1edbc khi b\u1ea1n \u0111i<\/h3>\n<ul>\n<li>Ensure your ticket booking is confirmed at least <strong>1 day prior<\/strong>.<\/li>\n<li>Dolphins Bay is closed on Mondays, so plan accordingly.<\/li>\n<li>Swimming and photo sessions are additional to the ticket price.<\/li>\n<\/ul>\n<h3>\u0110\u1ecba ch\u1ec9<\/h3>\n<p>V\u1ecbnh C\u00e1 Heo Phuket<br \/>\n<strong>\u0110\u1ecba ch\u1ec9:<\/strong> 33\/50, Chalong, Qu\u1eadn Mueang Phuket, Phuket 83130, Th\u00e1i Lan<\/p>\n<h3>B\u1ea3n \u0111\u1ed3 &amp; V\u1ecb tr\u00ed<\/h3>\n<p>Find us on <a href=\"https:\/\/maps.app.goo.gl\/iKaEd3g2Nr1B9YJD8\" target=\"_new\" rel=\"noopener\">B\u1ea3n \u0111\u1ed3 Google<\/a> for easy directions.<\/p>\n<h3>L\u00e0m th\u1ebf n\u00e0o \u0111\u1ec3 \u0111\u1ebfn V\u1ecbnh Dolphins Phuket<\/h3>\n<ul>\n<li><strong>Taxi\/Private Car<\/strong>: Dolphins Bay is easily accessible via taxi or car from popular areas in Phuket.<\/li>\n<li><strong>Giao th\u00f4ng c\u00f4ng c\u1ed9ng<\/strong>: Buses and tuk-tuks can take you to Chalong Bay where Dolphins Bay is located.<\/li>\n<\/ul>\n<h3>Nh\u1eefng c\u00e2u h\u1ecfi th\u01b0\u1eddng g\u1eb7p (FAQ)<\/h3>\n<p><strong>Q: What are the showtimes?<\/strong><br \/>\nA: Shows are available at 11:00 AM, 2:00 PM, and 5:00 PM. Gates open 15 minutes prior.<\/p>\n<p><strong>Q: Can children swim with dolphins?<\/strong><br \/>\nA: Yes, children from <strong>6 years up<\/strong> can swim with dolphins. Children aged 4-5 must be accompanied by an adult.<\/p>\n<p><strong>Q: Is there parking available?<\/strong><br \/>\nA: Yes, free parking is available at Dolphins Bay Phuket.<\/p>\n<p><strong>Q: What is included in the VIP Seat Ticket?<\/strong><br \/>\nA: The VIP ticket includes Row B seating, access to the seal and dolphin shows, and opportunities for photos with dolphins.<\/p>","protected":false},"excerpt":{"rendered":"<table class=\"short-description\">\n<tbody class=\"tabel364\">\n<tr class=\"short-description-tr32r\">\n<th class=\"short-description-th\"><span class=\"description-h23\"><strong class=\"description-strong67\">M\u1ecdi \u0111\u1eb7t ch\u1ed7 ph\u1ea3i \u0111\u01b0\u1ee3c th\u1ef1c hi\u1ec7n tr\u01b0\u1edbc bu\u1ed5i bi\u1ec3u di\u1ec5n 1 ng\u00e0y (tr\u01b0\u1edbc 06:00 chi\u1ec1u theo gi\u1edd Th\u00e1i Lan).<\/strong><\/span><\/th>\n<\/tr>\n<\/tbody>\n<\/table>","protected":false},"featured_media":2858,"comment_status":"open","ping_status":"closed","template":"","meta":{"ocean_post_layout":"","ocean_both_sidebars_style":"","ocean_both_sidebars_content_width":0,"ocean_both_sidebars_sidebars_width":0,"ocean_sidebar":"0","ocean_second_sidebar":"0","ocean_disable_margins":"enable","ocean_add_body_class":"","ocean_shortcode_before_top_bar":"","ocean_shortcode_after_top_bar":"","ocean_shortcode_before_header":"","ocean_shortcode_after_header":"","ocean_has_shortcode":"","ocean_shortcode_after_title":"","ocean_shortcode_before_footer_widgets":"","ocean_shortcode_after_footer_widgets":"","ocean_shortcode_before_footer_bottom":"","ocean_shortcode_after_footer_bottom":"","ocean_display_top_bar":"default","ocean_display_header":"default","ocean_header_style":"","ocean_center_header_left_menu":"0","ocean_custom_header_template":"0","ocean_custom_logo":0,"ocean_custom_retina_logo":0,"ocean_custom_logo_max_width":0,"ocean_custom_logo_tablet_max_width":0,"ocean_custom_logo_mobile_max_width":0,"ocean_custom_logo_max_height":0,"ocean_custom_logo_tablet_max_height":0,"ocean_custom_logo_mobile_max_height":0,"ocean_header_custom_menu":"0","ocean_menu_typo_font_family":"0","ocean_menu_typo_font_subset":"","ocean_menu_typo_font_size":0,"ocean_menu_typo_font_size_tablet":0,"ocean_menu_typo_font_size_mobile":0,"ocean_menu_typo_font_size_unit":"px","ocean_menu_typo_font_weight":"","ocean_menu_typo_font_weight_tablet":"","ocean_menu_typo_font_weight_mobile":"","ocean_menu_typo_transform":"","ocean_menu_typo_transform_tablet":"","ocean_menu_typo_transform_mobile":"","ocean_menu_typo_line_height":0,"ocean_menu_typo_line_height_tablet":0,"ocean_menu_typo_line_height_mobile":0,"ocean_menu_typo_line_height_unit":"","ocean_menu_typo_spacing":0,"ocean_menu_typo_spacing_tablet":0,"ocean_menu_typo_spacing_mobile":0,"ocean_menu_typo_spacing_unit":"","ocean_menu_link_color":"","ocean_menu_link_color_hover":"","ocean_menu_link_color_active":"","ocean_menu_link_background":"","ocean_menu_link_hover_background":"","ocean_menu_link_active_background":"","ocean_menu_social_links_bg":"","ocean_menu_social_hover_links_bg":"","ocean_menu_social_links_color":"","ocean_menu_social_hover_links_color":"","ocean_disable_title":"default","ocean_disable_heading":"default","ocean_post_title":"","ocean_post_subheading":"","ocean_post_title_style":"","ocean_post_title_background_color":"","ocean_post_title_background":0,"ocean_post_title_bg_image_position":"","ocean_post_title_bg_image_attachment":"","ocean_post_title_bg_image_repeat":"","ocean_post_title_bg_image_size":"","ocean_post_title_height":0,"ocean_post_title_bg_overlay":0.5,"ocean_post_title_bg_overlay_color":"","ocean_disable_breadcrumbs":"default","ocean_breadcrumbs_color":"","ocean_breadcrumbs_separator_color":"","ocean_breadcrumbs_links_color":"","ocean_breadcrumbs_links_hover_color":"","ocean_display_footer_widgets":"default","ocean_display_footer_bottom":"default","ocean_custom_footer_template":"0"},"product_brand":[],"product_cat":[20],"product_tag":[324,325,323,320,327,230,247,331,328,326,321,319,329,330,322,332],"class_list":{"0":"post-2919","1":"product","2":"type-product","3":"status-publish","4":"has-post-thumbnail","6":"product_cat-tickets","7":"product_tag-best-price-vip-tickets-phuket","8":"product_tag-book-vip-dolphin-show-phuket","9":"product_tag-dolphin-show-phuket-thai-residents","10":"product_tag-dolphin-show-phuket-vip","11":"product_tag-dolphin-show-vip-experience","12":"product_tag-phuket","13":"product_tag-phuket-dolphin-show-tickets","14":"product_tag-thai-residents-vip-dolphin-show","15":"product_tag-vip-dolphin-show-tickets-phuket","16":"product_tag-vip-seat-booking-phuket","17":"product_tag-vip-seat-dolphins-bay-phuket","18":"product_tag-vip-seat-ticket-thai-residents","19":"product_tag-vip-seats-dolphin-show-discount","20":"product_tag-vip-ticket-phuket-dolphin-show","21":"product_tag-vip-tickets-dolphin-show-phuket","22":"product_tag-vip-tickets-for-thai-residents","23":"tm-has-options","25":"entry","26":"has-media","28":"first","29":"instock","30":"virtual","31":"purchasable","32":"product-type-simple","33":"has-product-nav","34":"col","35":"span_1_of_3","36":"owp-content-center","37":"owp-thumbs-layout-horizontal","38":"owp-btn-normal","39":"owp-tabs-layout-horizontal"},"yoast_head":"<!-- This site is optimized with the Yoast SEO plugin v25.3 - https:\/\/yoast.com\/wordpress\/plugins\/seo\/ -->\n<title>Book VIP Seat Ticket For Thai Residents | Dolphin Show Phuket<\/title>\n<meta name=\"description\" content=\"Enjoy VIP Seating With Exclusive Views At Dolphin Show Phuket! Book Your VIP Seat Ticket For Thai Residents Today For An Unforgettable Experience!\" \/>\n<meta name=\"robots\" content=\"noindex, follow, max-snippet:-1, max-image-preview:large, max-video-preview:-1\" \/>\n<meta property=\"og:locale\" content=\"vi_VN\" \/>\n<meta property=\"og:type\" content=\"article\" \/>\n<meta property=\"og:title\" content=\"Book VIP Seat Ticket For Thai Residents | Dolphin Show Phuket\" \/>\n<meta property=\"og:description\" content=\"Enjoy VIP Seating With Exclusive Views At Dolphin Show Phuket! Book Your VIP Seat Ticket For Thai Residents Today For An Unforgettable Experience!\" \/>\n<meta property=\"og:url\" content=\"https:\/\/ancientcitybangkok.com\/vi\/ve\/dolphins-bay-phuket-vip-seat-ticket-thai-residents\/\" \/>\n<meta property=\"og:site_name\" content=\"Ancient City Bangkok\" \/>\n<meta property=\"article:modified_time\" content=\"2025-06-14T17:14:12+00:00\" \/>\n<meta property=\"og:image\" content=\"https:\/\/ancientcitybangkok.com\/wp-content\/uploads\/2024\/10\/Show-Dolphins-Bay-scaled.jpg\" \/>\n\t<meta property=\"og:image:width\" content=\"2560\" \/>\n\t<meta property=\"og:image:height\" content=\"1707\" \/>\n\t<meta property=\"og:image:type\" content=\"image\/jpeg\" \/>\n<meta name=\"twitter:card\" content=\"summary_large_image\" \/>\n<meta name=\"twitter:label1\" content=\"\u01af\u1edbc t\u00ednh th\u1eddi gian \u0111\u1ecdc\" \/>\n\t<meta name=\"twitter:data1\" content=\"3 ph\u00fat\" \/>\n<script type=\"application\/ld+json\" class=\"yoast-schema-graph\">{\"@context\":\"https:\/\/schema.org\",\"@graph\":[{\"@type\":\"WebPage\",\"@id\":\"https:\/\/ancientcitybangkok.com\/tickets\/dolphins-bay-phuket-vip-seat-ticket-thai-residents\/\",\"url\":\"https:\/\/ancientcitybangkok.com\/tickets\/dolphins-bay-phuket-vip-seat-ticket-thai-residents\/\",\"name\":\"Book VIP Seat Ticket For Thai Residents | Dolphin Show Phuket\",\"isPartOf\":{\"@id\":\"https:\/\/ancientcitybangkok.com\/#website\"},\"primaryImageOfPage\":{\"@id\":\"https:\/\/ancientcitybangkok.com\/tickets\/dolphins-bay-phuket-vip-seat-ticket-thai-residents\/#primaryimage\"},\"image\":{\"@id\":\"https:\/\/ancientcitybangkok.com\/tickets\/dolphins-bay-phuket-vip-seat-ticket-thai-residents\/#primaryimage\"},\"thumbnailUrl\":\"https:\/\/ancientcitybangkok.com\/wp-content\/uploads\/2024\/10\/Show-Dolphins-Bay-scaled.jpg\",\"datePublished\":\"2024-10-24T22:51:38+00:00\",\"dateModified\":\"2025-06-14T17:14:12+00:00\",\"description\":\"Enjoy VIP Seating With Exclusive Views At Dolphin Show Phuket! Book Your VIP Seat Ticket For Thai Residents Today For An Unforgettable Experience!\",\"breadcrumb\":{\"@id\":\"https:\/\/ancientcitybangkok.com\/tickets\/dolphins-bay-phuket-vip-seat-ticket-thai-residents\/#breadcrumb\"},\"inLanguage\":\"vi\",\"potentialAction\":[{\"@type\":\"ReadAction\",\"target\":[\"https:\/\/ancientcitybangkok.com\/tickets\/dolphins-bay-phuket-vip-seat-ticket-thai-residents\/\"]}]},{\"@type\":\"ImageObject\",\"inLanguage\":\"vi\",\"@id\":\"https:\/\/ancientcitybangkok.com\/tickets\/dolphins-bay-phuket-vip-seat-ticket-thai-residents\/#primaryimage\",\"url\":\"https:\/\/ancientcitybangkok.com\/wp-content\/uploads\/2024\/10\/Show-Dolphins-Bay-scaled.jpg\",\"contentUrl\":\"https:\/\/ancientcitybangkok.com\/wp-content\/uploads\/2024\/10\/Show-Dolphins-Bay-scaled.jpg\",\"width\":2560,\"height\":1707,\"caption\":\"Show Dolphins Bay\"},{\"@type\":\"BreadcrumbList\",\"@id\":\"https:\/\/ancientcitybangkok.com\/tickets\/dolphins-bay-phuket-vip-seat-ticket-thai-residents\/#breadcrumb\",\"itemListElement\":[{\"@type\":\"ListItem\",\"position\":1,\"name\":\"Home\",\"item\":\"https:\/\/ancientcitybangkok.com\/\"},{\"@type\":\"ListItem\",\"position\":2,\"name\":\"Tickets\",\"item\":\"https:\/\/ancientcitybangkok.com\/tickets\/\"},{\"@type\":\"ListItem\",\"position\":3,\"name\":\"Dolphins Bay Phuket &#8211; VIP Seat Ticket (Thai Residents)\"}]},{\"@type\":\"WebSite\",\"@id\":\"https:\/\/ancientcitybangkok.com\/#website\",\"url\":\"https:\/\/ancientcitybangkok.com\/\",\"name\":\"Dolphin Show Phuket\",\"description\":\"\",\"publisher\":{\"@id\":\"https:\/\/ancientcitybangkok.com\/#organization\"},\"potentialAction\":[{\"@type\":\"SearchAction\",\"target\":{\"@type\":\"EntryPoint\",\"urlTemplate\":\"https:\/\/ancientcitybangkok.com\/?s={search_term_string}\"},\"query-input\":{\"@type\":\"PropertyValueSpecification\",\"valueRequired\":true,\"valueName\":\"search_term_string\"}}],\"inLanguage\":\"vi\"},{\"@type\":\"Organization\",\"@id\":\"https:\/\/ancientcitybangkok.com\/#organization\",\"name\":\"Dolphin Show Phuket\",\"url\":\"https:\/\/ancientcitybangkok.com\/\",\"logo\":{\"@type\":\"ImageObject\",\"inLanguage\":\"vi\",\"@id\":\"https:\/\/ancientcitybangkok.com\/#\/schema\/logo\/image\/\",\"url\":\"https:\/\/ancientcitybangkok.com\/wp-content\/uploads\/2024\/08\/Dophin-Show-Phuket.png\",\"contentUrl\":\"https:\/\/ancientcitybangkok.com\/wp-content\/uploads\/2024\/08\/Dophin-Show-Phuket.png\",\"width\":350,\"height\":100,\"caption\":\"Dolphin Show Phuket\"},\"image\":{\"@id\":\"https:\/\/ancientcitybangkok.com\/#\/schema\/logo\/image\/\"}}]}<\/script>\n<!-- \/ Yoast SEO plugin. -->","yoast_head_json":{"title":"Book VIP Seat Ticket For Thai Residents | Dolphin Show Phuket","description":"Enjoy VIP Seating With Exclusive Views At Dolphin Show Phuket! Book Your VIP Seat Ticket For Thai Residents Today For An Unforgettable Experience!","robots":{"index":"noindex","follow":"follow","max-snippet":"max-snippet:-1","max-image-preview":"max-image-preview:large","max-video-preview":"max-video-preview:-1"},"og_locale":"vi_VN","og_type":"article","og_title":"Book VIP Seat Ticket For Thai Residents | Dolphin Show Phuket","og_description":"Enjoy VIP Seating With Exclusive Views At Dolphin Show Phuket! Book Your VIP Seat Ticket For Thai Residents Today For An Unforgettable Experience!","og_url":"https:\/\/ancientcitybangkok.com\/vi\/ve\/dolphins-bay-phuket-vip-seat-ticket-thai-residents\/","og_site_name":"Ancient City Bangkok","article_modified_time":"2025-06-14T17:14:12+00:00","og_image":[{"width":2560,"height":1707,"url":"https:\/\/ancientcitybangkok.com\/wp-content\/uploads\/2024\/10\/Show-Dolphins-Bay-scaled.jpg","type":"image\/jpeg"}],"twitter_card":"summary_large_image","twitter_misc":{"\u01af\u1edbc t\u00ednh th\u1eddi gian \u0111\u1ecdc":"3 ph\u00fat"},"schema":{"@context":"https:\/\/schema.org","@graph":[{"@type":"WebPage","@id":"https:\/\/ancientcitybangkok.com\/tickets\/dolphins-bay-phuket-vip-seat-ticket-thai-residents\/","url":"https:\/\/ancientcitybangkok.com\/tickets\/dolphins-bay-phuket-vip-seat-ticket-thai-residents\/","name":"Book VIP Seat Ticket For Thai Residents | Dolphin Show Phuket","isPartOf":{"@id":"https:\/\/ancientcitybangkok.com\/#website"},"primaryImageOfPage":{"@id":"https:\/\/ancientcitybangkok.com\/tickets\/dolphins-bay-phuket-vip-seat-ticket-thai-residents\/#primaryimage"},"image":{"@id":"https:\/\/ancientcitybangkok.com\/tickets\/dolphins-bay-phuket-vip-seat-ticket-thai-residents\/#primaryimage"},"thumbnailUrl":"https:\/\/ancientcitybangkok.com\/wp-content\/uploads\/2024\/10\/Show-Dolphins-Bay-scaled.jpg","datePublished":"2024-10-24T22:51:38+00:00","dateModified":"2025-06-14T17:14:12+00:00","description":"Enjoy VIP Seating With Exclusive Views At Dolphin Show Phuket! Book Your VIP Seat Ticket For Thai Residents Today For An Unforgettable Experience!","breadcrumb":{"@id":"https:\/\/ancientcitybangkok.com\/tickets\/dolphins-bay-phuket-vip-seat-ticket-thai-residents\/#breadcrumb"},"inLanguage":"vi","potentialAction":[{"@type":"ReadAction","target":["https:\/\/ancientcitybangkok.com\/tickets\/dolphins-bay-phuket-vip-seat-ticket-thai-residents\/"]}]},{"@type":"ImageObject","inLanguage":"vi","@id":"https:\/\/ancientcitybangkok.com\/tickets\/dolphins-bay-phuket-vip-seat-ticket-thai-residents\/#primaryimage","url":"https:\/\/ancientcitybangkok.com\/wp-content\/uploads\/2024\/10\/Show-Dolphins-Bay-scaled.jpg","contentUrl":"https:\/\/ancientcitybangkok.com\/wp-content\/uploads\/2024\/10\/Show-Dolphins-Bay-scaled.jpg","width":2560,"height":1707,"caption":"Show Dolphins Bay"},{"@type":"BreadcrumbList","@id":"https:\/\/ancientcitybangkok.com\/tickets\/dolphins-bay-phuket-vip-seat-ticket-thai-residents\/#breadcrumb","itemListElement":[{"@type":"ListItem","position":1,"name":"Home","item":"https:\/\/ancientcitybangkok.com\/"},{"@type":"ListItem","position":2,"name":"Tickets","item":"https:\/\/ancientcitybangkok.com\/tickets\/"},{"@type":"ListItem","position":3,"name":"Dolphins Bay Phuket &#8211; VIP Seat Ticket (Thai Residents)"}]},{"@type":"WebSite","@id":"https:\/\/ancientcitybangkok.com\/#website","url":"https:\/\/ancientcitybangkok.com\/","name":"Dolphin Show Phuket","description":"","publisher":{"@id":"https:\/\/ancientcitybangkok.com\/#organization"},"potentialAction":[{"@type":"SearchAction","target":{"@type":"EntryPoint","urlTemplate":"https:\/\/ancientcitybangkok.com\/?s={search_term_string}"},"query-input":{"@type":"PropertyValueSpecification","valueRequired":true,"valueName":"search_term_string"}}],"inLanguage":"vi"},{"@type":"Organization","@id":"https:\/\/ancientcitybangkok.com\/#organization","name":"Dolphin Show Phuket","url":"https:\/\/ancientcitybangkok.com\/","logo":{"@type":"ImageObject","inLanguage":"vi","@id":"https:\/\/ancientcitybangkok.com\/#\/schema\/logo\/image\/","url":"https:\/\/ancientcitybangkok.com\/wp-content\/uploads\/2024\/08\/Dophin-Show-Phuket.png","contentUrl":"https:\/\/ancientcitybangkok.com\/wp-content\/uploads\/2024\/08\/Dophin-Show-Phuket.png","width":350,"height":100,"caption":"Dolphin Show Phuket"},"image":{"@id":"https:\/\/ancientcitybangkok.com\/#\/schema\/logo\/image\/"}}]}},"jetpack_sharing_enabled":true,"_links":{"self":[{"href":"https:\/\/ancientcitybangkok.com\/vi\/wp-json\/wp\/v2\/product\/2919","targetHints":{"allow":["GET"]}}],"collection":[{"href":"https:\/\/ancientcitybangkok.com\/vi\/wp-json\/wp\/v2\/product"}],"about":[{"href":"https:\/\/ancientcitybangkok.com\/vi\/wp-json\/wp\/v2\/types\/product"}],"replies":[{"embeddable":true,"href":"https:\/\/ancientcitybangkok.com\/vi\/wp-json\/wp\/v2\/comments?post=2919"}],"wp:featuredmedia":[{"embeddable":true,"href":"https:\/\/ancientcitybangkok.com\/vi\/wp-json\/wp\/v2\/media\/2858"}],"wp:attachment":[{"href":"https:\/\/ancientcitybangkok.com\/vi\/wp-json\/wp\/v2\/media?parent=2919"}],"wp:term":[{"taxonomy":"product_brand","embeddable":true,"href":"https:\/\/ancientcitybangkok.com\/vi\/wp-json\/wp\/v2\/product_brand?post=2919"},{"taxonomy":"product_cat","embeddable":true,"href":"https:\/\/ancientcitybangkok.com\/vi\/wp-json\/wp\/v2\/product_cat?post=2919"},{"taxonomy":"product_tag","embeddable":true,"href":"https:\/\/ancientcitybangkok.com\/vi\/wp-json\/wp\/v2\/product_tag?post=2919"}],"curies":[{"name":"wp","href":"https:\/\/api.w.org\/{rel}","templated":true}]}}