{"id":2373,"date":"2024-10-14T17:49:58","date_gmt":"2024-10-14T12:19:58","guid":{"rendered":"https:\/\/ancientcitybangkok.com\/?page_id=2373"},"modified":"2024-11-30T22:13:24","modified_gmt":"2024-11-30T16:43:24","slug":"contactez-nous","status":"publish","type":"page","link":"https:\/\/ancientcitybangkok.com\/fr\/contactez-nous\/","title":{"rendered":"Contactez-nous"},"content":{"rendered":"<div data-elementor-type=\"wp-page\" data-elementor-id=\"2373\" class=\"elementor elementor-2373\" data-elementor-post-type=\"page\">\n\t\t\t\t\t\t<section data-particle_enable=\"false\" data-particle-mobile-disabled=\"false\" class=\"elementor-section elementor-top-section elementor-element elementor-element-f3e94ce elementor-section-boxed elementor-section-height-default elementor-section-height-default\" data-id=\"f3e94ce\" data-element_type=\"section\">\n\t\t\t\t\t\t<div class=\"elementor-container elementor-column-gap-default\">\n\t\t\t\t\t<div class=\"elementor-column elementor-col-100 elementor-top-column elementor-element elementor-element-39bb9e9\" data-id=\"39bb9e9\" data-element_type=\"column\">\n\t\t\t<div class=\"elementor-widget-wrap elementor-element-populated\">\n\t\t\t\t\t\t<div class=\"elementor-element elementor-element-7c4897a elementor-widget elementor-widget-text-editor\" data-id=\"7c4897a\" data-element_type=\"widget\" data-widget_type=\"text-editor.default\">\n\t\t\t\t<div class=\"elementor-widget-container\">\n\t\t\t\t\t\t\t\t\t<h2 style=\"text-align: center;\"><span style=\"color: #000000;\">Contactez-nous<\/span><\/h2><p><span style=\"color: #000000;\">\u00c0 <a href=\"https:\/\/ancientcitybangkok.com\/fr\"><strong>Spectacle de dauphins \u00e0 Phuket<\/strong><\/a>, nous nous engageons \u00e0 offrir une exp\u00e9rience exceptionnelle \u00e0 tous nos visiteurs. Que vous ayez besoin d&#039;aide avec <strong>r\u00e9servations de billets<\/strong>, avoir des questions sur <a href=\"https:\/\/ancientcitybangkok.com\/fr\"><strong>Baie des Dauphins \u00e0 Phuket<\/strong><\/a>, ou si vous avez besoin d&#039;aide pour planifier votre voyage, notre \u00e9quipe est l\u00e0 pour vous aider \u00e0 chaque \u00e9tape du processus.<\/span><\/p><h3><span style=\"color: #000000;\">Comment nous joindre<\/span><\/h3><p><span style=\"color: #000000;\">Pour toute question ou pr\u00e9occupation, n&#039;h\u00e9sitez pas \u00e0 nous contacter. Nous garantissons une r\u00e9ponse rapide \u00e0 toutes les demandes.<\/span><\/p><p><strong><span style=\"color: #000000;\">Appelez-nous: <a href=\"tel:+66911889951\">+66-91 188 9951<\/a><\/span><\/strong><\/p><p><strong><span style=\"color: #000000;\">Envoyez-nous un message sur WhatsApp : <a href=\"https:\/\/wa.me\/66911889951?text=Hello!%20I%27m%20interested%20in%20Dolphin%20Show%20Phuket.%20Could%20you%20please%20assist%20me%3F%20Thank%20you!\">+66-91 188 9951<\/a><\/span><\/strong><\/p><p><span style=\"color: #000000;\"><strong>E-mail<\/strong>: <strong><a style=\"color: #000000;\" href=\"mailto:contact@ancientcitybangkok.com\" rel=\"noopener\">contact@ancientcitybangkok.com<\/a><\/strong><\/span><\/p><h4><span style=\"color: #000000;\">Chat en direct<\/span><\/h4><p><span style=\"color: #000000;\">Pour une assistance imm\u00e9diate, vous pouvez nous contacter via le <strong>Chat en direct<\/strong> fonctionnalit\u00e9 disponible sur notre site Web. Notre \u00e9quipe est pr\u00eate \u00e0 vous fournir une assistance imm\u00e9diate.<\/span><\/p><h3><span style=\"color: #000000;\">Horaires du service client<\/span><\/h3><p><span style=\"color: #000000;\">Notre \u00e9quipe de support client est disponible pour vous aider <strong>24\/7<\/strong>, vous assurant une exp\u00e9rience sans tracas tout au long de votre visite \u00e0 <strong>Baie des Dauphins \u00e0 Phuket<\/strong>.<\/span><\/p><p><span style=\"color: #000000;\">\ud83d\udd52 <strong>Disponibilit\u00e9 du support<\/strong>:24h\/24, 7j\/7, tous les jours.<\/span><\/p><h3><span style=\"color: #000000;\">Pourquoi contacter Dolphin Show Phuket ?<\/span><\/h3><p><span style=\"color: #000000;\">\u00c0 <strong>Spectacle de dauphins \u00e0 Phuket<\/strong>, nous visons \u00e0 offrir un service client fluide et professionnel, vous aidant \u00e0 profiter de votre <strong>exp\u00e9rience avec les dauphins<\/strong> avec facilit\u00e9. Qu&#039;il s&#039;agisse de <strong>r\u00e9servations<\/strong>, <strong>probl\u00e8mes de paiement<\/strong>, ou <strong>demandes g\u00e9n\u00e9rales<\/strong>, nous sommes l\u00e0 pour rendre votre voyage \u00e0 <strong>Baie des Dauphins \u00e0 Phuket<\/strong> inoubliable.<\/span><\/p><p><span style=\"color: #000000;\">Nous sommes impatients de vous aider \u00e0 rendre votre visite \u00e0 <a href=\"https:\/\/ancientcitybangkok.com\/fr\"><strong>Baie des Dauphins \u00e0 Phuket<\/strong><\/a> une exp\u00e9rience vraiment magique !<\/span><\/p>\t\t\t\t\t\t\t\t<\/div>\n\t\t\t\t<\/div>\n\t\t\t\t\t<\/div>\n\t\t<\/div>\n\t\t\t\t\t<\/div>\n\t\t<\/section>\n\t\t\t\t<\/div>","protected":false},"excerpt":{"rendered":"<p>Contact Us At Dolphin Show Phuket, we are committed to providing an exceptional experience for all our visitors. Whether you need help with ticket bookings, have inquiries about Dolphins Bay Phuket, or require assistance with your travel plans, our team is here to assist you every step of the way. How to Reach Us For [&hellip;]<\/p>","protected":false},"author":1,"featured_media":0,"parent":0,"menu_order":0,"comment_status":"closed","ping_status":"closed","template":"","meta":{"ocean_post_layout":"","ocean_both_sidebars_style":"","ocean_both_sidebars_content_width":0,"ocean_both_sidebars_sidebars_width":0,"ocean_sidebar":"","ocean_second_sidebar":"","ocean_disable_margins":"enable","ocean_add_body_class":"","ocean_shortcode_before_top_bar":"","ocean_shortcode_after_top_bar":"","ocean_shortcode_before_header":"","ocean_shortcode_after_header":"","ocean_has_shortcode":"","ocean_shortcode_after_title":"","ocean_shortcode_before_footer_widgets":"","ocean_shortcode_after_footer_widgets":"","ocean_shortcode_before_footer_bottom":"","ocean_shortcode_after_footer_bottom":"","ocean_display_top_bar":"default","ocean_display_header":"default","ocean_header_style":"","ocean_center_header_left_menu":"","ocean_custom_header_template":"","ocean_custom_logo":0,"ocean_custom_retina_logo":0,"ocean_custom_logo_max_width":0,"ocean_custom_logo_tablet_max_width":0,"ocean_custom_logo_mobile_max_width":0,"ocean_custom_logo_max_height":0,"ocean_custom_logo_tablet_max_height":0,"ocean_custom_logo_mobile_max_height":0,"ocean_header_custom_menu":"","ocean_menu_typo_font_family":"","ocean_menu_typo_font_subset":"","ocean_menu_typo_font_size":0,"ocean_menu_typo_font_size_tablet":0,"ocean_menu_typo_font_size_mobile":0,"ocean_menu_typo_font_size_unit":"px","ocean_menu_typo_font_weight":"","ocean_menu_typo_font_weight_tablet":"","ocean_menu_typo_font_weight_mobile":"","ocean_menu_typo_transform":"","ocean_menu_typo_transform_tablet":"","ocean_menu_typo_transform_mobile":"","ocean_menu_typo_line_height":0,"ocean_menu_typo_line_height_tablet":0,"ocean_menu_typo_line_height_mobile":0,"ocean_menu_typo_line_height_unit":"","ocean_menu_typo_spacing":0,"ocean_menu_typo_spacing_tablet":0,"ocean_menu_typo_spacing_mobile":0,"ocean_menu_typo_spacing_unit":"","ocean_menu_link_color":"","ocean_menu_link_color_hover":"","ocean_menu_link_color_active":"","ocean_menu_link_background":"","ocean_menu_link_hover_background":"","ocean_menu_link_active_background":"","ocean_menu_social_links_bg":"","ocean_menu_social_hover_links_bg":"","ocean_menu_social_links_color":"","ocean_menu_social_hover_links_color":"","ocean_disable_title":"default","ocean_disable_heading":"default","ocean_post_title":"","ocean_post_subheading":"","ocean_post_title_style":"","ocean_post_title_background_color":"","ocean_post_title_background":0,"ocean_post_title_bg_image_position":"","ocean_post_title_bg_image_attachment":"","ocean_post_title_bg_image_repeat":"","ocean_post_title_bg_image_size":"","ocean_post_title_height":0,"ocean_post_title_bg_overlay":0.5,"ocean_post_title_bg_overlay_color":"","ocean_disable_breadcrumbs":"default","ocean_breadcrumbs_color":"","ocean_breadcrumbs_separator_color":"","ocean_breadcrumbs_links_color":"","ocean_breadcrumbs_links_hover_color":"","ocean_display_footer_widgets":"default","ocean_display_footer_bottom":"default","ocean_custom_footer_template":"","footnotes":""},"class_list":["post-2373","page","type-page","status-publish","hentry","entry","owp-thumbs-layout-horizontal","owp-btn-normal","owp-tabs-layout-horizontal","has-no-thumbnails","has-product-nav"],"yoast_head":"<!-- This site is optimized with the Yoast SEO plugin v25.3 - https:\/\/yoast.com\/wordpress\/plugins\/seo\/ -->\n<title>Contact Dolphin Show Phuket - Get Assistance And Support<\/title>\n<meta name=\"description\" content=\"Reach Out To Dolphin Show Phuket For Ticket Inquiries, Support, And Assistance. Contact Us Now To Book Your Dolphins Bay Phuket Tickets.\" \/>\n<meta name=\"robots\" content=\"noindex, follow\" \/>\n<meta property=\"og:locale\" content=\"fr_FR\" \/>\n<meta property=\"og:type\" content=\"article\" \/>\n<meta property=\"og:title\" content=\"Contact Dolphin Show Phuket - Get Assistance And Support\" \/>\n<meta property=\"og:description\" content=\"Reach Out To Dolphin Show Phuket For Ticket Inquiries, Support, And Assistance. Contact Us Now To Book Your Dolphins Bay Phuket Tickets.\" \/>\n<meta property=\"og:url\" content=\"https:\/\/ancientcitybangkok.com\/fr\/contactez-nous\/\" \/>\n<meta property=\"og:site_name\" content=\"Ancient City Bangkok\" \/>\n<meta property=\"article:modified_time\" content=\"2024-11-30T16:43:24+00:00\" \/>\n<meta name=\"twitter:card\" content=\"summary_large_image\" \/>\n<meta name=\"twitter:label1\" content=\"Dur\u00e9e de lecture estim\u00e9e\" \/>\n\t<meta name=\"twitter:data1\" content=\"1 minute\" \/>\n<script type=\"application\/ld+json\" class=\"yoast-schema-graph\">{\"@context\":\"https:\/\/schema.org\",\"@graph\":[{\"@type\":\"WebPage\",\"@id\":\"https:\/\/ancientcitybangkok.com\/contact-us\/\",\"url\":\"https:\/\/ancientcitybangkok.com\/contact-us\/\",\"name\":\"Contact Dolphin Show Phuket - Get Assistance And Support\",\"isPartOf\":{\"@id\":\"https:\/\/ancientcitybangkok.com\/#website\"},\"datePublished\":\"2024-10-14T12:19:58+00:00\",\"dateModified\":\"2024-11-30T16:43:24+00:00\",\"description\":\"Reach Out To Dolphin Show Phuket For Ticket Inquiries, Support, And Assistance. Contact Us Now To Book Your Dolphins Bay Phuket Tickets.\",\"breadcrumb\":{\"@id\":\"https:\/\/ancientcitybangkok.com\/contact-us\/#breadcrumb\"},\"inLanguage\":\"fr-FR\",\"potentialAction\":[{\"@type\":\"ReadAction\",\"target\":[\"https:\/\/ancientcitybangkok.com\/contact-us\/\"]}]},{\"@type\":\"BreadcrumbList\",\"@id\":\"https:\/\/ancientcitybangkok.com\/contact-us\/#breadcrumb\",\"itemListElement\":[{\"@type\":\"ListItem\",\"position\":1,\"name\":\"Home\",\"item\":\"https:\/\/ancientcitybangkok.com\/\"},{\"@type\":\"ListItem\",\"position\":2,\"name\":\"Contact Us\"}]},{\"@type\":\"WebSite\",\"@id\":\"https:\/\/ancientcitybangkok.com\/#website\",\"url\":\"https:\/\/ancientcitybangkok.com\/\",\"name\":\"Dolphin Show Phuket\",\"description\":\"\",\"publisher\":{\"@id\":\"https:\/\/ancientcitybangkok.com\/#organization\"},\"potentialAction\":[{\"@type\":\"SearchAction\",\"target\":{\"@type\":\"EntryPoint\",\"urlTemplate\":\"https:\/\/ancientcitybangkok.com\/?s={search_term_string}\"},\"query-input\":{\"@type\":\"PropertyValueSpecification\",\"valueRequired\":true,\"valueName\":\"search_term_string\"}}],\"inLanguage\":\"fr-FR\"},{\"@type\":\"Organization\",\"@id\":\"https:\/\/ancientcitybangkok.com\/#organization\",\"name\":\"Dolphin Show Phuket\",\"url\":\"https:\/\/ancientcitybangkok.com\/\",\"logo\":{\"@type\":\"ImageObject\",\"inLanguage\":\"fr-FR\",\"@id\":\"https:\/\/ancientcitybangkok.com\/#\/schema\/logo\/image\/\",\"url\":\"https:\/\/ancientcitybangkok.com\/wp-content\/uploads\/2024\/08\/Dophin-Show-Phuket.png\",\"contentUrl\":\"https:\/\/ancientcitybangkok.com\/wp-content\/uploads\/2024\/08\/Dophin-Show-Phuket.png\",\"width\":350,\"height\":100,\"caption\":\"Dolphin Show Phuket\"},\"image\":{\"@id\":\"https:\/\/ancientcitybangkok.com\/#\/schema\/logo\/image\/\"}}]}<\/script>\n<!-- \/ Yoast SEO plugin. -->","yoast_head_json":{"title":"Contact Dolphin Show Phuket - Get Assistance And Support","description":"Reach Out To Dolphin Show Phuket For Ticket Inquiries, Support, And Assistance. Contact Us Now To Book Your Dolphins Bay Phuket Tickets.","robots":{"index":"noindex","follow":"follow"},"og_locale":"fr_FR","og_type":"article","og_title":"Contact Dolphin Show Phuket - Get Assistance And Support","og_description":"Reach Out To Dolphin Show Phuket For Ticket Inquiries, Support, And Assistance. Contact Us Now To Book Your Dolphins Bay Phuket Tickets.","og_url":"https:\/\/ancientcitybangkok.com\/fr\/contactez-nous\/","og_site_name":"Ancient City Bangkok","article_modified_time":"2024-11-30T16:43:24+00:00","twitter_card":"summary_large_image","twitter_misc":{"Dur\u00e9e de lecture estim\u00e9e":"1 minute"},"schema":{"@context":"https:\/\/schema.org","@graph":[{"@type":"WebPage","@id":"https:\/\/ancientcitybangkok.com\/contact-us\/","url":"https:\/\/ancientcitybangkok.com\/contact-us\/","name":"Contact Dolphin Show Phuket - Get Assistance And Support","isPartOf":{"@id":"https:\/\/ancientcitybangkok.com\/#website"},"datePublished":"2024-10-14T12:19:58+00:00","dateModified":"2024-11-30T16:43:24+00:00","description":"Reach Out To Dolphin Show Phuket For Ticket Inquiries, Support, And Assistance. Contact Us Now To Book Your Dolphins Bay Phuket Tickets.","breadcrumb":{"@id":"https:\/\/ancientcitybangkok.com\/contact-us\/#breadcrumb"},"inLanguage":"fr-FR","potentialAction":[{"@type":"ReadAction","target":["https:\/\/ancientcitybangkok.com\/contact-us\/"]}]},{"@type":"BreadcrumbList","@id":"https:\/\/ancientcitybangkok.com\/contact-us\/#breadcrumb","itemListElement":[{"@type":"ListItem","position":1,"name":"Home","item":"https:\/\/ancientcitybangkok.com\/"},{"@type":"ListItem","position":2,"name":"Contact Us"}]},{"@type":"WebSite","@id":"https:\/\/ancientcitybangkok.com\/#website","url":"https:\/\/ancientcitybangkok.com\/","name":"Dolphin Show Phuket","description":"","publisher":{"@id":"https:\/\/ancientcitybangkok.com\/#organization"},"potentialAction":[{"@type":"SearchAction","target":{"@type":"EntryPoint","urlTemplate":"https:\/\/ancientcitybangkok.com\/?s={search_term_string}"},"query-input":{"@type":"PropertyValueSpecification","valueRequired":true,"valueName":"search_term_string"}}],"inLanguage":"fr-FR"},{"@type":"Organization","@id":"https:\/\/ancientcitybangkok.com\/#organization","name":"Dolphin Show Phuket","url":"https:\/\/ancientcitybangkok.com\/","logo":{"@type":"ImageObject","inLanguage":"fr-FR","@id":"https:\/\/ancientcitybangkok.com\/#\/schema\/logo\/image\/","url":"https:\/\/ancientcitybangkok.com\/wp-content\/uploads\/2024\/08\/Dophin-Show-Phuket.png","contentUrl":"https:\/\/ancientcitybangkok.com\/wp-content\/uploads\/2024\/08\/Dophin-Show-Phuket.png","width":350,"height":100,"caption":"Dolphin Show Phuket"},"image":{"@id":"https:\/\/ancientcitybangkok.com\/#\/schema\/logo\/image\/"}}]}},"jetpack_sharing_enabled":true,"_links":{"self":[{"href":"https:\/\/ancientcitybangkok.com\/fr\/wp-json\/wp\/v2\/pages\/2373","targetHints":{"allow":["GET"]}}],"collection":[{"href":"https:\/\/ancientcitybangkok.com\/fr\/wp-json\/wp\/v2\/pages"}],"about":[{"href":"https:\/\/ancientcitybangkok.com\/fr\/wp-json\/wp\/v2\/types\/page"}],"author":[{"embeddable":true,"href":"https:\/\/ancientcitybangkok.com\/fr\/wp-json\/wp\/v2\/users\/1"}],"replies":[{"embeddable":true,"href":"https:\/\/ancientcitybangkok.com\/fr\/wp-json\/wp\/v2\/comments?post=2373"}],"version-history":[{"count":23,"href":"https:\/\/ancientcitybangkok.com\/fr\/wp-json\/wp\/v2\/pages\/2373\/revisions"}],"predecessor-version":[{"id":2955,"href":"https:\/\/ancientcitybangkok.com\/fr\/wp-json\/wp\/v2\/pages\/2373\/revisions\/2955"}],"wp:attachment":[{"href":"https:\/\/ancientcitybangkok.com\/fr\/wp-json\/wp\/v2\/media?parent=2373"}],"curies":[{"name":"wp","href":"https:\/\/api.w.org\/{rel}","templated":true}]}}