{"id":2373,"date":"2024-10-14T17:49:58","date_gmt":"2024-10-14T12:19:58","guid":{"rendered":"https:\/\/ancientcitybangkok.com\/?page_id=2373"},"modified":"2024-11-30T22:13:24","modified_gmt":"2024-11-30T16:43:24","slug":"contactenos","status":"publish","type":"page","link":"https:\/\/ancientcitybangkok.com\/es\/contactenos\/","title":{"rendered":"Cont\u00e1ctenos"},"content":{"rendered":"<div data-elementor-type=\"wp-page\" data-elementor-id=\"2373\" class=\"elementor elementor-2373\" data-elementor-post-type=\"page\">\n\t\t\t\t\t\t<section data-particle_enable=\"false\" data-particle-mobile-disabled=\"false\" class=\"elementor-section elementor-top-section elementor-element elementor-element-f3e94ce elementor-section-boxed elementor-section-height-default elementor-section-height-default\" data-id=\"f3e94ce\" data-element_type=\"section\">\n\t\t\t\t\t\t<div class=\"elementor-container elementor-column-gap-default\">\n\t\t\t\t\t<div class=\"elementor-column elementor-col-100 elementor-top-column elementor-element elementor-element-39bb9e9\" data-id=\"39bb9e9\" data-element_type=\"column\">\n\t\t\t<div class=\"elementor-widget-wrap elementor-element-populated\">\n\t\t\t\t\t\t<div class=\"elementor-element elementor-element-7c4897a elementor-widget elementor-widget-text-editor\" data-id=\"7c4897a\" data-element_type=\"widget\" data-widget_type=\"text-editor.default\">\n\t\t\t\t<div class=\"elementor-widget-container\">\n\t\t\t\t\t\t\t\t\t<h2 style=\"text-align: center;\"><span style=\"color: #000000;\">Cont\u00e1ctenos<\/span><\/h2><p><span style=\"color: #000000;\">En <a href=\"https:\/\/ancientcitybangkok.com\/es\"><strong>Espect\u00e1culo de delfines en Phuket<\/strong><\/a>Estamos comprometidos a brindar una experiencia excepcional para todos nuestros visitantes. Ya sea que necesite ayuda con <strong>reservas de billetes<\/strong>, tiene preguntas sobre <a href=\"https:\/\/ancientcitybangkok.com\/es\"><strong>Bah\u00eda de los delfines de Phuket<\/strong><\/a>o necesita ayuda con sus planes de viaje, nuestro equipo est\u00e1 aqu\u00ed para ayudarlo en cada paso del camino.<\/span><\/p><h3><span style=\"color: #000000;\">C\u00f3mo llegar a nosotros<\/span><\/h3><p><span style=\"color: #000000;\">Si tiene alguna pregunta o inquietud, no dude en comunicarse con nosotros. Garantizamos una respuesta oportuna a todas las consultas.<\/span><\/p><p><strong><span style=\"color: #000000;\">Ll\u00e1manos: <a href=\"tel:+66911889951\">+66-91 188 9951<\/a><\/span><\/strong><\/p><p><strong><span style=\"color: #000000;\">WhatsApp con nosotros: <a href=\"https:\/\/wa.me\/66911889951?text=Hello!%20I%27m%20interested%20in%20Dolphin%20Show%20Phuket.%20Could%20you%20please%20assist%20me%3F%20Thank%20you!\">+66-91 188 9951<\/a><\/span><\/strong><\/p><p><span style=\"color: #000000;\"><strong>Correo electr\u00f3nico<\/strong>: <strong><a style=\"color: #000000;\" href=\"mailto:contact@ancientcitybangkok.com\" rel=\"noopener\">contact@ancientcitybangkok.com<\/a><\/strong><\/span><\/p><h4><span style=\"color: #000000;\">Chat en vivo<\/span><\/h4><p><span style=\"color: #000000;\">Para recibir asistencia inmediata, puede contactarnos a trav\u00e9s del <strong>Chat en vivo<\/strong> Funci\u00f3n disponible en nuestro sitio web. Nuestro equipo est\u00e1 listo para brindarle asistencia instant\u00e1nea.<\/span><\/p><h3><span style=\"color: #000000;\">Horario de atenci\u00f3n al cliente<\/span><\/h3><p><span style=\"color: #000000;\">Nuestro equipo de atenci\u00f3n al cliente est\u00e1 disponible para ayudarle. <strong>24\/7<\/strong>, asegur\u00e1ndonos de que tenga una experiencia sin complicaciones durante su visita a <strong>Bah\u00eda de los delfines de Phuket<\/strong>.<\/span><\/p><p><span style=\"color: #000000;\">\ud83d\udd52 <strong>Disponibilidad de soporte<\/strong>:24 horas al d\u00eda, 7 d\u00edas a la semana, todos los d\u00edas.<\/span><\/p><h3><span style=\"color: #000000;\">\u00bfPor qu\u00e9 contactar con Dolphin Show Phuket?<\/span><\/h3><p><span style=\"color: #000000;\">En <strong>Espect\u00e1culo de delfines en Phuket<\/strong>Nuestro objetivo es brindar un servicio al cliente impecable y profesional, ayud\u00e1ndole a disfrutar de su <strong>Experiencia con delfines<\/strong> con facilidad. Ya sea que se trate de <strong>reservas<\/strong>, <strong>Problemas de pago<\/strong>, o <strong>Consultas generales<\/strong>Estamos aqu\u00ed para hacer de tu viaje una experiencia inolvidable. <strong>Bah\u00eda de los delfines de Phuket<\/strong> inolvidable.<\/span><\/p><p><span style=\"color: #000000;\">Esperamos poder ayudarle a hacer su visita a <a href=\"https:\/\/ancientcitybangkok.com\/es\"><strong>Bah\u00eda de los delfines de Phuket<\/strong><\/a> \u00a1Una experiencia verdaderamente m\u00e1gica!<\/span><\/p>\t\t\t\t\t\t\t\t<\/div>\n\t\t\t\t<\/div>\n\t\t\t\t\t<\/div>\n\t\t<\/div>\n\t\t\t\t\t<\/div>\n\t\t<\/section>\n\t\t\t\t<\/div>","protected":false},"excerpt":{"rendered":"<p>Contact Us At Dolphin Show Phuket, we are committed to providing an exceptional experience for all our visitors. Whether you need help with ticket bookings, have inquiries about Dolphins Bay Phuket, or require assistance with your travel plans, our team is here to assist you every step of the way. How to Reach Us For [&hellip;]<\/p>","protected":false},"author":1,"featured_media":0,"parent":0,"menu_order":0,"comment_status":"closed","ping_status":"closed","template":"","meta":{"ocean_post_layout":"","ocean_both_sidebars_style":"","ocean_both_sidebars_content_width":0,"ocean_both_sidebars_sidebars_width":0,"ocean_sidebar":"","ocean_second_sidebar":"","ocean_disable_margins":"enable","ocean_add_body_class":"","ocean_shortcode_before_top_bar":"","ocean_shortcode_after_top_bar":"","ocean_shortcode_before_header":"","ocean_shortcode_after_header":"","ocean_has_shortcode":"","ocean_shortcode_after_title":"","ocean_shortcode_before_footer_widgets":"","ocean_shortcode_after_footer_widgets":"","ocean_shortcode_before_footer_bottom":"","ocean_shortcode_after_footer_bottom":"","ocean_display_top_bar":"default","ocean_display_header":"default","ocean_header_style":"","ocean_center_header_left_menu":"","ocean_custom_header_template":"","ocean_custom_logo":0,"ocean_custom_retina_logo":0,"ocean_custom_logo_max_width":0,"ocean_custom_logo_tablet_max_width":0,"ocean_custom_logo_mobile_max_width":0,"ocean_custom_logo_max_height":0,"ocean_custom_logo_tablet_max_height":0,"ocean_custom_logo_mobile_max_height":0,"ocean_header_custom_menu":"","ocean_menu_typo_font_family":"","ocean_menu_typo_font_subset":"","ocean_menu_typo_font_size":0,"ocean_menu_typo_font_size_tablet":0,"ocean_menu_typo_font_size_mobile":0,"ocean_menu_typo_font_size_unit":"px","ocean_menu_typo_font_weight":"","ocean_menu_typo_font_weight_tablet":"","ocean_menu_typo_font_weight_mobile":"","ocean_menu_typo_transform":"","ocean_menu_typo_transform_tablet":"","ocean_menu_typo_transform_mobile":"","ocean_menu_typo_line_height":0,"ocean_menu_typo_line_height_tablet":0,"ocean_menu_typo_line_height_mobile":0,"ocean_menu_typo_line_height_unit":"","ocean_menu_typo_spacing":0,"ocean_menu_typo_spacing_tablet":0,"ocean_menu_typo_spacing_mobile":0,"ocean_menu_typo_spacing_unit":"","ocean_menu_link_color":"","ocean_menu_link_color_hover":"","ocean_menu_link_color_active":"","ocean_menu_link_background":"","ocean_menu_link_hover_background":"","ocean_menu_link_active_background":"","ocean_menu_social_links_bg":"","ocean_menu_social_hover_links_bg":"","ocean_menu_social_links_color":"","ocean_menu_social_hover_links_color":"","ocean_disable_title":"default","ocean_disable_heading":"default","ocean_post_title":"","ocean_post_subheading":"","ocean_post_title_style":"","ocean_post_title_background_color":"","ocean_post_title_background":0,"ocean_post_title_bg_image_position":"","ocean_post_title_bg_image_attachment":"","ocean_post_title_bg_image_repeat":"","ocean_post_title_bg_image_size":"","ocean_post_title_height":0,"ocean_post_title_bg_overlay":0.5,"ocean_post_title_bg_overlay_color":"","ocean_disable_breadcrumbs":"default","ocean_breadcrumbs_color":"","ocean_breadcrumbs_separator_color":"","ocean_breadcrumbs_links_color":"","ocean_breadcrumbs_links_hover_color":"","ocean_display_footer_widgets":"default","ocean_display_footer_bottom":"default","ocean_custom_footer_template":"","footnotes":""},"class_list":["post-2373","page","type-page","status-publish","hentry","entry","owp-thumbs-layout-horizontal","owp-btn-normal","owp-tabs-layout-horizontal","has-no-thumbnails","has-product-nav"],"yoast_head":"<!-- This site is optimized with the Yoast SEO plugin v25.3 - https:\/\/yoast.com\/wordpress\/plugins\/seo\/ -->\n<title>Contact Dolphin Show Phuket - Get Assistance And Support<\/title>\n<meta name=\"description\" content=\"Reach Out To Dolphin Show Phuket For Ticket Inquiries, Support, And Assistance. Contact Us Now To Book Your Dolphins Bay Phuket Tickets.\" \/>\n<meta name=\"robots\" content=\"noindex, follow\" \/>\n<meta property=\"og:locale\" content=\"es_ES\" \/>\n<meta property=\"og:type\" content=\"article\" \/>\n<meta property=\"og:title\" content=\"Contact Dolphin Show Phuket - Get Assistance And Support\" \/>\n<meta property=\"og:description\" content=\"Reach Out To Dolphin Show Phuket For Ticket Inquiries, Support, And Assistance. Contact Us Now To Book Your Dolphins Bay Phuket Tickets.\" \/>\n<meta property=\"og:url\" content=\"https:\/\/ancientcitybangkok.com\/es\/contactenos\/\" \/>\n<meta property=\"og:site_name\" content=\"Ancient City Bangkok\" \/>\n<meta property=\"article:modified_time\" content=\"2024-11-30T16:43:24+00:00\" \/>\n<meta name=\"twitter:card\" content=\"summary_large_image\" \/>\n<meta name=\"twitter:label1\" content=\"Tiempo de lectura\" \/>\n\t<meta name=\"twitter:data1\" content=\"1 minuto\" \/>\n<script type=\"application\/ld+json\" class=\"yoast-schema-graph\">{\"@context\":\"https:\/\/schema.org\",\"@graph\":[{\"@type\":\"WebPage\",\"@id\":\"https:\/\/ancientcitybangkok.com\/contact-us\/\",\"url\":\"https:\/\/ancientcitybangkok.com\/contact-us\/\",\"name\":\"Contact Dolphin Show Phuket - Get Assistance And Support\",\"isPartOf\":{\"@id\":\"https:\/\/ancientcitybangkok.com\/#website\"},\"datePublished\":\"2024-10-14T12:19:58+00:00\",\"dateModified\":\"2024-11-30T16:43:24+00:00\",\"description\":\"Reach Out To Dolphin Show Phuket For Ticket Inquiries, Support, And Assistance. Contact Us Now To Book Your Dolphins Bay Phuket Tickets.\",\"breadcrumb\":{\"@id\":\"https:\/\/ancientcitybangkok.com\/contact-us\/#breadcrumb\"},\"inLanguage\":\"es\",\"potentialAction\":[{\"@type\":\"ReadAction\",\"target\":[\"https:\/\/ancientcitybangkok.com\/contact-us\/\"]}]},{\"@type\":\"BreadcrumbList\",\"@id\":\"https:\/\/ancientcitybangkok.com\/contact-us\/#breadcrumb\",\"itemListElement\":[{\"@type\":\"ListItem\",\"position\":1,\"name\":\"Home\",\"item\":\"https:\/\/ancientcitybangkok.com\/\"},{\"@type\":\"ListItem\",\"position\":2,\"name\":\"Contact Us\"}]},{\"@type\":\"WebSite\",\"@id\":\"https:\/\/ancientcitybangkok.com\/#website\",\"url\":\"https:\/\/ancientcitybangkok.com\/\",\"name\":\"Dolphin Show Phuket\",\"description\":\"\",\"publisher\":{\"@id\":\"https:\/\/ancientcitybangkok.com\/#organization\"},\"potentialAction\":[{\"@type\":\"SearchAction\",\"target\":{\"@type\":\"EntryPoint\",\"urlTemplate\":\"https:\/\/ancientcitybangkok.com\/?s={search_term_string}\"},\"query-input\":{\"@type\":\"PropertyValueSpecification\",\"valueRequired\":true,\"valueName\":\"search_term_string\"}}],\"inLanguage\":\"es\"},{\"@type\":\"Organization\",\"@id\":\"https:\/\/ancientcitybangkok.com\/#organization\",\"name\":\"Dolphin Show Phuket\",\"url\":\"https:\/\/ancientcitybangkok.com\/\",\"logo\":{\"@type\":\"ImageObject\",\"inLanguage\":\"es\",\"@id\":\"https:\/\/ancientcitybangkok.com\/#\/schema\/logo\/image\/\",\"url\":\"https:\/\/ancientcitybangkok.com\/wp-content\/uploads\/2024\/08\/Dophin-Show-Phuket.png\",\"contentUrl\":\"https:\/\/ancientcitybangkok.com\/wp-content\/uploads\/2024\/08\/Dophin-Show-Phuket.png\",\"width\":350,\"height\":100,\"caption\":\"Dolphin Show Phuket\"},\"image\":{\"@id\":\"https:\/\/ancientcitybangkok.com\/#\/schema\/logo\/image\/\"}}]}<\/script>\n<!-- \/ Yoast SEO plugin. -->","yoast_head_json":{"title":"Contact Dolphin Show Phuket - Get Assistance And Support","description":"Reach Out To Dolphin Show Phuket For Ticket Inquiries, Support, And Assistance. Contact Us Now To Book Your Dolphins Bay Phuket Tickets.","robots":{"index":"noindex","follow":"follow"},"og_locale":"es_ES","og_type":"article","og_title":"Contact Dolphin Show Phuket - Get Assistance And Support","og_description":"Reach Out To Dolphin Show Phuket For Ticket Inquiries, Support, And Assistance. Contact Us Now To Book Your Dolphins Bay Phuket Tickets.","og_url":"https:\/\/ancientcitybangkok.com\/es\/contactenos\/","og_site_name":"Ancient City Bangkok","article_modified_time":"2024-11-30T16:43:24+00:00","twitter_card":"summary_large_image","twitter_misc":{"Tiempo de lectura":"1 minuto"},"schema":{"@context":"https:\/\/schema.org","@graph":[{"@type":"WebPage","@id":"https:\/\/ancientcitybangkok.com\/contact-us\/","url":"https:\/\/ancientcitybangkok.com\/contact-us\/","name":"Contact Dolphin Show Phuket - Get Assistance And Support","isPartOf":{"@id":"https:\/\/ancientcitybangkok.com\/#website"},"datePublished":"2024-10-14T12:19:58+00:00","dateModified":"2024-11-30T16:43:24+00:00","description":"Reach Out To Dolphin Show Phuket For Ticket Inquiries, Support, And Assistance. Contact Us Now To Book Your Dolphins Bay Phuket Tickets.","breadcrumb":{"@id":"https:\/\/ancientcitybangkok.com\/contact-us\/#breadcrumb"},"inLanguage":"es","potentialAction":[{"@type":"ReadAction","target":["https:\/\/ancientcitybangkok.com\/contact-us\/"]}]},{"@type":"BreadcrumbList","@id":"https:\/\/ancientcitybangkok.com\/contact-us\/#breadcrumb","itemListElement":[{"@type":"ListItem","position":1,"name":"Home","item":"https:\/\/ancientcitybangkok.com\/"},{"@type":"ListItem","position":2,"name":"Contact Us"}]},{"@type":"WebSite","@id":"https:\/\/ancientcitybangkok.com\/#website","url":"https:\/\/ancientcitybangkok.com\/","name":"Dolphin Show Phuket","description":"","publisher":{"@id":"https:\/\/ancientcitybangkok.com\/#organization"},"potentialAction":[{"@type":"SearchAction","target":{"@type":"EntryPoint","urlTemplate":"https:\/\/ancientcitybangkok.com\/?s={search_term_string}"},"query-input":{"@type":"PropertyValueSpecification","valueRequired":true,"valueName":"search_term_string"}}],"inLanguage":"es"},{"@type":"Organization","@id":"https:\/\/ancientcitybangkok.com\/#organization","name":"Dolphin Show Phuket","url":"https:\/\/ancientcitybangkok.com\/","logo":{"@type":"ImageObject","inLanguage":"es","@id":"https:\/\/ancientcitybangkok.com\/#\/schema\/logo\/image\/","url":"https:\/\/ancientcitybangkok.com\/wp-content\/uploads\/2024\/08\/Dophin-Show-Phuket.png","contentUrl":"https:\/\/ancientcitybangkok.com\/wp-content\/uploads\/2024\/08\/Dophin-Show-Phuket.png","width":350,"height":100,"caption":"Dolphin Show Phuket"},"image":{"@id":"https:\/\/ancientcitybangkok.com\/#\/schema\/logo\/image\/"}}]}},"jetpack_sharing_enabled":true,"_links":{"self":[{"href":"https:\/\/ancientcitybangkok.com\/es\/wp-json\/wp\/v2\/pages\/2373","targetHints":{"allow":["GET"]}}],"collection":[{"href":"https:\/\/ancientcitybangkok.com\/es\/wp-json\/wp\/v2\/pages"}],"about":[{"href":"https:\/\/ancientcitybangkok.com\/es\/wp-json\/wp\/v2\/types\/page"}],"author":[{"embeddable":true,"href":"https:\/\/ancientcitybangkok.com\/es\/wp-json\/wp\/v2\/users\/1"}],"replies":[{"embeddable":true,"href":"https:\/\/ancientcitybangkok.com\/es\/wp-json\/wp\/v2\/comments?post=2373"}],"version-history":[{"count":23,"href":"https:\/\/ancientcitybangkok.com\/es\/wp-json\/wp\/v2\/pages\/2373\/revisions"}],"predecessor-version":[{"id":2955,"href":"https:\/\/ancientcitybangkok.com\/es\/wp-json\/wp\/v2\/pages\/2373\/revisions\/2955"}],"wp:attachment":[{"href":"https:\/\/ancientcitybangkok.com\/es\/wp-json\/wp\/v2\/media?parent=2373"}],"curies":[{"name":"wp","href":"https:\/\/api.w.org\/{rel}","templated":true}]}}